{"id":29305,"date":"2024-01-08T13:11:35","date_gmt":"2024-01-08T12:11:35","guid":{"rendered":"https:\/\/iview.io\/trainings\/"},"modified":"2025-03-18T14:57:17","modified_gmt":"2025-03-18T13:57:17","slug":"trainings","status":"publish","type":"page","link":"https:\/\/iview.io\/de\/trainings\/","title":{"rendered":"iVIEW Trainings"},"content":{"rendered":"\t\t<div data-elementor-type=\"wp-page\" data-elementor-id=\"29305\" class=\"elementor elementor-29305 elementor-28285\" data-elementor-post-type=\"page\">\n\t\t\t\t\t\t<section class=\"elementor-section elementor-top-section elementor-element elementor-element-472c010 elementor-section-boxed elementor-section-height-default elementor-section-height-default\" data-id=\"472c010\" data-element_type=\"section\" data-e-type=\"section\" data-settings=\"{&quot;jet_parallax_layout_list&quot;:[]}\">\n\t\t\t\t\t\t<div class=\"elementor-container elementor-column-gap-default\">\n\t\t\t\t\t<div class=\"elementor-column elementor-col-100 elementor-top-column elementor-element elementor-element-cb8243b\" data-id=\"cb8243b\" data-element_type=\"column\" data-e-type=\"column\">\n\t\t\t<div class=\"elementor-widget-wrap elementor-element-populated\">\n\t\t\t\t\t\t<div class=\"elementor-element elementor-element-7c189a6 elementor-widget elementor-widget-text-editor\" data-id=\"7c189a6\" data-element_type=\"widget\" data-e-type=\"widget\" data-widget_type=\"text-editor.default\">\n\t\t\t\t<div class=\"elementor-widget-container\">\n\t\t\t\t\t\t\t\t\t<p style=\"text-align: center;\">Entdecken Sie s\u00e4mtliche Potenziale unseres im Qlik integrierten Toolkits, dem <strong>iVIEW Data Automation Framework.<\/strong> Es wurde entwickelt, um Ihre bestehende BI-L\u00f6sung nahtlos zu erweitern und die Datenfunktionalit\u00e4ten in Ihrem Unternehmen zu optimieren.<\/p>\n\t\t\t\t\t\t\t\t<\/div>\n\t\t\t\t<\/div>\n\t\t\t\t<section class=\"elementor-section elementor-inner-section elementor-element elementor-element-e818210 elementor-section-boxed elementor-section-height-default elementor-section-height-default\" data-id=\"e818210\" data-element_type=\"section\" data-e-type=\"section\" data-settings=\"{&quot;jet_parallax_layout_list&quot;:[]}\">\n\t\t\t\t\t\t<div class=\"elementor-container elementor-column-gap-default\">\n\t\t\t\t\t<div class=\"elementor-column elementor-col-50 elementor-inner-column elementor-element elementor-element-f8f48b6\" data-id=\"f8f48b6\" data-element_type=\"column\" data-e-type=\"column\">\n\t\t\t<div class=\"elementor-widget-wrap elementor-element-populated\">\n\t\t\t\t\t\t<div class=\"elementor-element elementor-element-95b49be elementor-align-center elementor-widget elementor-widget-button\" data-id=\"95b49be\" data-element_type=\"widget\" data-e-type=\"widget\" data-widget_type=\"button.default\">\n\t\t\t\t<div class=\"elementor-widget-container\">\n\t\t\t\t\t\t\t\t\t<div class=\"elementor-button-wrapper\">\n\t\t\t\t\t<a class=\"elementor-button elementor-button-link elementor-size-xl\" href=\"#library\">\n\t\t\t\t\t\t<span class=\"elementor-button-content-wrapper\">\n\t\t\t\t\t\t\t\t\t<span class=\"elementor-button-text\">iVIEW Library Training<\/span>\n\t\t\t\t\t<\/span>\n\t\t\t\t\t<\/a>\n\t\t\t\t<\/div>\n\t\t\t\t\t\t\t\t<\/div>\n\t\t\t\t<\/div>\n\t\t\t\t\t<\/div>\n\t\t<\/div>\n\t\t\t\t<div class=\"elementor-column elementor-col-50 elementor-inner-column elementor-element elementor-element-0df7631\" data-id=\"0df7631\" data-element_type=\"column\" data-e-type=\"column\">\n\t\t\t<div class=\"elementor-widget-wrap elementor-element-populated\">\n\t\t\t\t\t\t<div class=\"elementor-element elementor-element-07adcfe elementor-align-center elementor-widget elementor-widget-button\" data-id=\"07adcfe\" data-element_type=\"widget\" data-e-type=\"widget\" data-widget_type=\"button.default\">\n\t\t\t\t<div class=\"elementor-widget-container\">\n\t\t\t\t\t\t\t\t\t<div class=\"elementor-button-wrapper\">\n\t\t\t\t\t<a class=\"elementor-button elementor-button-link elementor-size-xl\" href=\"#dataflow\">\n\t\t\t\t\t\t<span class=\"elementor-button-content-wrapper\">\n\t\t\t\t\t\t\t\t\t<span class=\"elementor-button-text\">iVIEW Dataflow Training<\/span>\n\t\t\t\t\t<\/span>\n\t\t\t\t\t<\/a>\n\t\t\t\t<\/div>\n\t\t\t\t\t\t\t\t<\/div>\n\t\t\t\t<\/div>\n\t\t\t\t\t<\/div>\n\t\t<\/div>\n\t\t\t\t\t<\/div>\n\t\t<\/section>\n\t\t\t\t\t<\/div>\n\t\t<\/div>\n\t\t\t\t\t<\/div>\n\t\t<\/section>\n\t\t\t\t<section class=\"elementor-section elementor-top-section elementor-element elementor-element-4009700 elementor-section-boxed elementor-section-height-default elementor-section-height-default\" data-id=\"4009700\" data-element_type=\"section\" data-e-type=\"section\" data-settings=\"{&quot;jet_parallax_layout_list&quot;:[]}\">\n\t\t\t\t\t\t<div class=\"elementor-container elementor-column-gap-default\">\n\t\t\t\t\t<div class=\"elementor-column elementor-col-100 elementor-top-column elementor-element elementor-element-efbe6d9\" data-id=\"efbe6d9\" data-element_type=\"column\" data-e-type=\"column\">\n\t\t\t<div class=\"elementor-widget-wrap elementor-element-populated\">\n\t\t\t\t\t\t<div class=\"elementor-element elementor-element-b5cede3 elementor-widget elementor-widget-heading\" data-id=\"b5cede3\" data-element_type=\"widget\" data-e-type=\"widget\" data-widget_type=\"heading.default\">\n\t\t\t\t<div class=\"elementor-widget-container\">\n\t\t\t\t\t<h2 class=\"elementor-heading-title elementor-size-default\">Master Data Governance for Qlik<\/h2>\t\t\t\t<\/div>\n\t\t\t\t<\/div>\n\t\t\t\t<div class=\"elementor-element elementor-element-c8d5e52 elementor-widget elementor-widget-text-editor\" data-id=\"c8d5e52\" data-element_type=\"widget\" data-e-type=\"widget\" data-widget_type=\"text-editor.default\">\n\t\t\t\t<div class=\"elementor-widget-container\">\n\t\t\t\t\t\t\t\t\t<p>mit iVIEW Library<\/p>\n\t\t\t\t\t\t\t\t<\/div>\n\t\t\t\t<\/div>\n\t\t\t\t<div class=\"elementor-element elementor-element-da7d9ac elementor-widget-divider--view-line elementor-widget elementor-widget-divider\" data-id=\"da7d9ac\" data-element_type=\"widget\" data-e-type=\"widget\" data-widget_type=\"divider.default\">\n\t\t\t\t<div class=\"elementor-widget-container\">\n\t\t\t\t\t\t\t<div class=\"elementor-divider\">\n\t\t\t<span class=\"elementor-divider-separator\">\n\t\t\t\t\t\t<\/span>\n\t\t<\/div>\n\t\t\t\t\t\t<\/div>\n\t\t\t\t<\/div>\n\t\t\t\t\t<\/div>\n\t\t<\/div>\n\t\t\t\t\t<\/div>\n\t\t<\/section>\n\t\t\t\t<section class=\"elementor-section elementor-top-section elementor-element elementor-element-6ef3c9c elementor-section-stretched elementor-section-boxed elementor-section-height-default elementor-section-height-default\" data-id=\"6ef3c9c\" data-element_type=\"section\" data-e-type=\"section\" data-settings=\"{&quot;stretch_section&quot;:&quot;section-stretched&quot;,&quot;jet_parallax_layout_list&quot;:[],&quot;background_background&quot;:&quot;classic&quot;}\">\n\t\t\t\t\t\t<div class=\"elementor-container elementor-column-gap-default\">\n\t\t\t\t\t<div class=\"elementor-column elementor-col-100 elementor-top-column elementor-element elementor-element-9eca348\" data-id=\"9eca348\" data-element_type=\"column\" data-e-type=\"column\">\n\t\t\t<div class=\"elementor-widget-wrap elementor-element-populated\">\n\t\t\t\t\t\t<section class=\"elementor-section elementor-inner-section elementor-element elementor-element-d4c27c1 elementor-section-boxed elementor-section-height-default elementor-section-height-default\" data-id=\"d4c27c1\" data-element_type=\"section\" data-e-type=\"section\" data-settings=\"{&quot;jet_parallax_layout_list&quot;:[]}\">\n\t\t\t\t\t\t<div class=\"elementor-container elementor-column-gap-default\">\n\t\t\t\t\t<div class=\"elementor-column elementor-col-50 elementor-inner-column elementor-element elementor-element-c919012\" data-id=\"c919012\" data-element_type=\"column\" data-e-type=\"column\">\n\t\t\t<div class=\"elementor-widget-wrap elementor-element-populated\">\n\t\t\t\t\t\t<div class=\"elementor-element elementor-element-76f152e elementor-absolute elementor-widget elementor-widget-image\" data-id=\"76f152e\" data-element_type=\"widget\" data-e-type=\"widget\" data-settings=\"{&quot;_position&quot;:&quot;absolute&quot;}\" data-widget_type=\"image.default\">\n\t\t\t\t<div class=\"elementor-widget-container\">\n\t\t\t\t\t\t\t\t\t\t\t\t\t\t\t<img fetchpriority=\"high\" decoding=\"async\" width=\"768\" height=\"851\" src=\"https:\/\/iview.io\/wp-content\/uploads\/2023\/04\/3-768x851.png\" class=\"attachment-medium_large size-medium_large wp-image-12001\" alt=\"\" srcset=\"https:\/\/iview.io\/wp-content\/uploads\/2023\/04\/3-768x851.png 768w, https:\/\/iview.io\/wp-content\/uploads\/2023\/04\/3-271x300.png 271w, https:\/\/iview.io\/wp-content\/uploads\/2023\/04\/3-925x1024.png 925w, https:\/\/iview.io\/wp-content\/uploads\/2023\/04\/3.png 1024w\" sizes=\"(max-width: 768px) 100vw, 768px\" \/>\t\t\t\t\t\t\t\t\t\t\t\t\t\t\t<\/div>\n\t\t\t\t<\/div>\n\t\t\t\t\t<\/div>\n\t\t<\/div>\n\t\t\t\t<div class=\"elementor-column elementor-col-50 elementor-inner-column elementor-element elementor-element-4449d4b\" data-id=\"4449d4b\" data-element_type=\"column\" data-e-type=\"column\">\n\t\t\t<div class=\"elementor-widget-wrap elementor-element-populated\">\n\t\t\t\t\t\t<div class=\"elementor-element elementor-element-90d37c5 elementor-widget elementor-widget-menu-anchor\" data-id=\"90d37c5\" data-element_type=\"widget\" data-e-type=\"widget\" data-widget_type=\"menu-anchor.default\">\n\t\t\t\t<div class=\"elementor-widget-container\">\n\t\t\t\t\t\t\t<div class=\"elementor-menu-anchor\" id=\"library\"><\/div>\n\t\t\t\t\t\t<\/div>\n\t\t\t\t<\/div>\n\t\t\t\t<div class=\"elementor-element elementor-element-415086f elementor-widget elementor-widget-text-editor\" data-id=\"415086f\" data-element_type=\"widget\" data-e-type=\"widget\" data-widget_type=\"text-editor.default\">\n\t\t\t\t<div class=\"elementor-widget-container\">\n\t\t\t\t\t\t\t\t\t<p>Meistern Sie das Item-Management mit der iVIEW Library: Ihre zentrale Bibliothek zur Optimierung von Qlik-Applikationen und zur Vereinfachung des Content-Managements.<\/p>\n<p>Lernen Sie, wie Sie m\u00fchelos auf Daten, Dimensionen und Berechnungen zugreifen und diese applikations\u00fcbergreifend einsetzen. Entdecken Sie den Komfort, Anwendungen &#8222;on-the-fly&#8220; zu erstellen, ohne Qlik \u00f6ffnen zu m\u00fcssen. Vereinfachen Sie die Migration durch automatisches Lesen von Inhalten, Konvertierung von Expressions und zentralisierte KPI-Definitionen. Dieser Kurs ist sowohl f\u00fcr Qlik Sense- als auch f\u00fcr Qlik Cloud-Umgebungen verf\u00fcgbar.<\/p>\n<p><strong>Trainings-Art:<\/strong><\/p>\n<ul>\n<li>Private Trainings<\/li>\n<li>Online (International)<\/li>\n<li>Online oder vor Ort (DACH)<\/li>\n<\/ul>\n\t\t\t\t\t\t\t\t<\/div>\n\t\t\t\t<\/div>\n\t\t\t\t<div class=\"elementor-element elementor-element-e007488 elementor-widget elementor-widget-spacer\" data-id=\"e007488\" data-element_type=\"widget\" data-e-type=\"widget\" data-widget_type=\"spacer.default\">\n\t\t\t\t<div class=\"elementor-widget-container\">\n\t\t\t\t\t\t\t<div class=\"elementor-spacer\">\n\t\t\t<div class=\"elementor-spacer-inner\"><\/div>\n\t\t<\/div>\n\t\t\t\t\t\t<\/div>\n\t\t\t\t<\/div>\n\t\t\t\t<div class=\"elementor-element elementor-element-d50977f elementor-align-center elementor-widget elementor-widget-button\" data-id=\"d50977f\" data-element_type=\"widget\" data-e-type=\"widget\" data-widget_type=\"button.default\">\n\t\t\t\t<div class=\"elementor-widget-container\">\n\t\t\t\t\t\t\t\t\t<div class=\"elementor-button-wrapper\">\n\t\t\t\t\t<a class=\"elementor-button elementor-button-link elementor-size-xl\" href=\"https:\/\/www.informatec.com\/de\/store\/training\/training-auf-anfrage\/iview-library-master-data-governance-qlik\" target=\"_blank\" rel=\"noopener\">\n\t\t\t\t\t\t<span class=\"elementor-button-content-wrapper\">\n\t\t\t\t\t\t\t\t\t<span class=\"elementor-button-text\">Jetzt buchen<\/span>\n\t\t\t\t\t<\/span>\n\t\t\t\t\t<\/a>\n\t\t\t\t<\/div>\n\t\t\t\t\t\t\t\t<\/div>\n\t\t\t\t<\/div>\n\t\t\t\t\t<\/div>\n\t\t<\/div>\n\t\t\t\t\t<\/div>\n\t\t<\/section>\n\t\t\t\t\t<\/div>\n\t\t<\/div>\n\t\t\t\t\t<\/div>\n\t\t<\/section>\n\t\t\t\t<section class=\"elementor-section elementor-top-section elementor-element elementor-element-0e5eea2 elementor-section-boxed elementor-section-height-default elementor-section-height-default\" data-id=\"0e5eea2\" data-element_type=\"section\" data-e-type=\"section\" data-settings=\"{&quot;jet_parallax_layout_list&quot;:[]}\">\n\t\t\t\t\t\t<div class=\"elementor-container elementor-column-gap-default\">\n\t\t\t\t\t<div class=\"elementor-column elementor-col-100 elementor-top-column elementor-element elementor-element-623dcff\" data-id=\"623dcff\" data-element_type=\"column\" data-e-type=\"column\">\n\t\t\t<div class=\"elementor-widget-wrap elementor-element-populated\">\n\t\t\t\t\t\t<div class=\"elementor-element elementor-element-03bf863 elementor-widget elementor-widget-menu-anchor\" data-id=\"03bf863\" data-element_type=\"widget\" data-e-type=\"widget\" data-widget_type=\"menu-anchor.default\">\n\t\t\t\t<div class=\"elementor-widget-container\">\n\t\t\t\t\t\t\t<div class=\"elementor-menu-anchor\" id=\"dataflow\"><\/div>\n\t\t\t\t\t\t<\/div>\n\t\t\t\t<\/div>\n\t\t\t\t<div class=\"elementor-element elementor-element-65011e1 elementor-widget elementor-widget-heading\" data-id=\"65011e1\" data-element_type=\"widget\" data-e-type=\"widget\" data-widget_type=\"heading.default\">\n\t\t\t\t<div class=\"elementor-widget-container\">\n\t\t\t\t\t<h2 class=\"elementor-heading-title elementor-size-default\"><a href=\"https:\/\/iview.io\/de\/trainings\/\">Low-Code Mastery for Qlik-Development<\/a><\/h2>\t\t\t\t<\/div>\n\t\t\t\t<\/div>\n\t\t\t\t<div class=\"elementor-element elementor-element-4352685 elementor-widget elementor-widget-text-editor\" data-id=\"4352685\" data-element_type=\"widget\" data-e-type=\"widget\" data-widget_type=\"text-editor.default\">\n\t\t\t\t<div class=\"elementor-widget-container\">\n\t\t\t\t\t\t\t\t\t<p>mit iVIEW Dataflow<\/p>\n\t\t\t\t\t\t\t\t<\/div>\n\t\t\t\t<\/div>\n\t\t\t\t<div class=\"elementor-element elementor-element-8085659 elementor-widget-divider--view-line elementor-widget elementor-widget-divider\" data-id=\"8085659\" data-element_type=\"widget\" data-e-type=\"widget\" data-widget_type=\"divider.default\">\n\t\t\t\t<div class=\"elementor-widget-container\">\n\t\t\t\t\t\t\t<div class=\"elementor-divider\">\n\t\t\t<span class=\"elementor-divider-separator\">\n\t\t\t\t\t\t<\/span>\n\t\t<\/div>\n\t\t\t\t\t\t<\/div>\n\t\t\t\t<\/div>\n\t\t\t\t\t<\/div>\n\t\t<\/div>\n\t\t\t\t\t<\/div>\n\t\t<\/section>\n\t\t\t\t<section class=\"elementor-section elementor-top-section elementor-element elementor-element-a9d87e3 elementor-section-stretched elementor-section-boxed elementor-section-height-default elementor-section-height-default\" data-id=\"a9d87e3\" data-element_type=\"section\" data-e-type=\"section\" data-settings=\"{&quot;stretch_section&quot;:&quot;section-stretched&quot;,&quot;jet_parallax_layout_list&quot;:[],&quot;background_background&quot;:&quot;classic&quot;}\">\n\t\t\t\t\t\t<div class=\"elementor-container elementor-column-gap-default\">\n\t\t\t\t\t<div class=\"elementor-column elementor-col-100 elementor-top-column elementor-element elementor-element-778e2a4\" data-id=\"778e2a4\" data-element_type=\"column\" data-e-type=\"column\">\n\t\t\t<div class=\"elementor-widget-wrap elementor-element-populated\">\n\t\t\t\t\t\t<section class=\"elementor-section elementor-inner-section elementor-element elementor-element-cb65822 elementor-section-boxed elementor-section-height-default elementor-section-height-default\" data-id=\"cb65822\" data-element_type=\"section\" data-e-type=\"section\" data-settings=\"{&quot;jet_parallax_layout_list&quot;:[]}\">\n\t\t\t\t\t\t<div class=\"elementor-container elementor-column-gap-default\">\n\t\t\t\t\t<div class=\"elementor-column elementor-col-50 elementor-inner-column elementor-element elementor-element-1920834\" data-id=\"1920834\" data-element_type=\"column\" data-e-type=\"column\">\n\t\t\t<div class=\"elementor-widget-wrap elementor-element-populated\">\n\t\t\t\t\t\t<div class=\"elementor-element elementor-element-61b3256 elementor-absolute elementor-widget elementor-widget-image\" data-id=\"61b3256\" data-element_type=\"widget\" data-e-type=\"widget\" data-settings=\"{&quot;_position&quot;:&quot;absolute&quot;}\" data-widget_type=\"image.default\">\n\t\t\t\t<div class=\"elementor-widget-container\">\n\t\t\t\t\t\t\t\t\t\t\t\t\t\t\t<img decoding=\"async\" width=\"768\" height=\"851\" src=\"https:\/\/iview.io\/wp-content\/uploads\/2023\/04\/4-768x851.png\" class=\"attachment-medium_large size-medium_large wp-image-12002\" alt=\"\" srcset=\"https:\/\/iview.io\/wp-content\/uploads\/2023\/04\/4-768x851.png 768w, https:\/\/iview.io\/wp-content\/uploads\/2023\/04\/4-271x300.png 271w, https:\/\/iview.io\/wp-content\/uploads\/2023\/04\/4-925x1024.png 925w, https:\/\/iview.io\/wp-content\/uploads\/2023\/04\/4.png 1024w\" sizes=\"(max-width: 768px) 100vw, 768px\" \/>\t\t\t\t\t\t\t\t\t\t\t\t\t\t\t<\/div>\n\t\t\t\t<\/div>\n\t\t\t\t\t<\/div>\n\t\t<\/div>\n\t\t\t\t<div class=\"elementor-column elementor-col-50 elementor-inner-column elementor-element elementor-element-895d59e\" data-id=\"895d59e\" data-element_type=\"column\" data-e-type=\"column\">\n\t\t\t<div class=\"elementor-widget-wrap elementor-element-populated\">\n\t\t\t\t\t\t<div class=\"elementor-element elementor-element-6451191 elementor-widget elementor-widget-text-editor\" data-id=\"6451191\" data-element_type=\"widget\" data-e-type=\"widget\" data-widget_type=\"text-editor.default\">\n\t\t\t\t<div class=\"elementor-widget-container\">\n\t\t\t\t\t\t\t\t\t<p>Entdecken Sie das Potenzial der Qlik Sense-Entwicklung mit iVIEW Dataflow &#8211; Ihr Tor zu effizienter, programmierfreundlicher Expertise.<\/p>\n<p>Dieser Kurs vermittelt Ihnen anhand praktischer \u00dcbungen die Grundlagen f\u00fcr die Beherrschung universeller automatisierter Kodierungsprozesse. Erstellen Sie wiederverwendbaren Code, um eine nahtlose Anwendung \u00fcber mehrere Anwendungen hinweg zu gew\u00e4hrleisten und wertvolle Zeit zu sparen. Profitieren Sie von einem sicheren, strukturierten Ansatz f\u00fcr ETL-Prozesse, w\u00e4hrend unsere automatisierte Code-Engine Genauigkeit, Konsistenz und Zuverl\u00e4ssigkeit garantiert.<\/p>\n<p>Nutzen Sie standardisierte Verfahren f\u00fcr die nahtlose Integration und Ausf\u00fchrung Ihres Codes in Qlik Sense-Anwendungen.<\/p>\n<p>Dieser Kurs ist f\u00fcr Qlik Sense verf\u00fcgbar.<\/p>\n<p><strong>Trainings-Art<\/strong>:<\/p>\n<ul>\n<li>Private Trainings<\/li>\n<li>Online (International)<\/li>\n<li>Online oder vor Ort (DACH)<\/li>\n<\/ul>\n\t\t\t\t\t\t\t\t<\/div>\n\t\t\t\t<\/div>\n\t\t\t\t<div class=\"elementor-element elementor-element-d8fa9e6 elementor-widget elementor-widget-spacer\" data-id=\"d8fa9e6\" data-element_type=\"widget\" data-e-type=\"widget\" data-widget_type=\"spacer.default\">\n\t\t\t\t<div class=\"elementor-widget-container\">\n\t\t\t\t\t\t\t<div class=\"elementor-spacer\">\n\t\t\t<div class=\"elementor-spacer-inner\"><\/div>\n\t\t<\/div>\n\t\t\t\t\t\t<\/div>\n\t\t\t\t<\/div>\n\t\t\t\t<div class=\"elementor-element elementor-element-19b0f74 elementor-align-center elementor-widget elementor-widget-button\" data-id=\"19b0f74\" data-element_type=\"widget\" data-e-type=\"widget\" data-widget_type=\"button.default\">\n\t\t\t\t<div class=\"elementor-widget-container\">\n\t\t\t\t\t\t\t\t\t<div class=\"elementor-button-wrapper\">\n\t\t\t\t\t<a class=\"elementor-button elementor-button-link elementor-size-xl\" href=\"https:\/\/www.informatec.com\/de\/store\/training\/training-auf-anfrage\/iview-dataflow-low-code-mastery-qlik-development\" target=\"_blank\" rel=\"noopener\">\n\t\t\t\t\t\t<span class=\"elementor-button-content-wrapper\">\n\t\t\t\t\t\t\t\t\t<span class=\"elementor-button-text\">Jetzt buchen<\/span>\n\t\t\t\t\t<\/span>\n\t\t\t\t\t<\/a>\n\t\t\t\t<\/div>\n\t\t\t\t\t\t\t\t<\/div>\n\t\t\t\t<\/div>\n\t\t\t\t\t<\/div>\n\t\t<\/div>\n\t\t\t\t\t<\/div>\n\t\t<\/section>\n\t\t\t\t\t<\/div>\n\t\t<\/div>\n\t\t\t\t\t<\/div>\n\t\t<\/section>\n\t\t\t\t<\/div>\n\t\t","protected":false},"excerpt":{"rendered":"<p>Entdecken Sie s\u00e4mtliche Potenziale unseres im Qlik integrierten Toolkits, dem iVIEW Data Automation Framework. Es wurde entwickelt, um Ihre bestehende BI-L\u00f6sung nahtlos zu erweitern und die Datenfunktionalit\u00e4ten in Ihrem Unternehmen zu optimieren. iVIEW Library Training iVIEW Dataflow Training Master Data Governance for Qlik mit iVIEW Library Meistern Sie das Item-Management mit der iVIEW Library: Ihre [&hellip;]<\/p>\n","protected":false},"author":4,"featured_media":0,"parent":0,"menu_order":0,"comment_status":"closed","ping_status":"closed","template":"","meta":{"_acf_changed":false,"footnotes":""},"class_list":["post-29305","page","type-page","status-publish","hentry"],"acf":[],"publishpress_future_action":{"enabled":false,"date":"2026-05-20 17:43:54","action":"change-status","newStatus":"draft","terms":[],"taxonomy":"translation_priority","extraData":[]},"publishpress_future_workflow_manual_trigger":{"enabledWorkflows":[]},"_links":{"self":[{"href":"https:\/\/iview.io\/de\/wp-json\/wp\/v2\/pages\/29305","targetHints":{"allow":["GET"]}}],"collection":[{"href":"https:\/\/iview.io\/de\/wp-json\/wp\/v2\/pages"}],"about":[{"href":"https:\/\/iview.io\/de\/wp-json\/wp\/v2\/types\/page"}],"author":[{"embeddable":true,"href":"https:\/\/iview.io\/de\/wp-json\/wp\/v2\/users\/4"}],"replies":[{"embeddable":true,"href":"https:\/\/iview.io\/de\/wp-json\/wp\/v2\/comments?post=29305"}],"version-history":[{"count":10,"href":"https:\/\/iview.io\/de\/wp-json\/wp\/v2\/pages\/29305\/revisions"}],"predecessor-version":[{"id":33005,"href":"https:\/\/iview.io\/de\/wp-json\/wp\/v2\/pages\/29305\/revisions\/33005"}],"wp:attachment":[{"href":"https:\/\/iview.io\/de\/wp-json\/wp\/v2\/media?parent=29305"}],"curies":[{"name":"wp","href":"https:\/\/api.w.org\/{rel}","templated":true}]}}