{"id":12874,"date":"2022-05-28T12:16:09","date_gmt":"2022-05-28T10:16:09","guid":{"rendered":"https:\/\/iview.io\/informatec-2\/"},"modified":"2025-06-16T11:43:21","modified_gmt":"2025-06-16T09:43:21","slug":"informatec","status":"publish","type":"page","link":"https:\/\/iview.io\/de\/informatec\/","title":{"rendered":"Informatec"},"content":{"rendered":"\t\t<div data-elementor-type=\"wp-page\" data-elementor-id=\"12874\" class=\"elementor elementor-12874 elementor-231\" data-elementor-post-type=\"page\">\n\t\t\t\t\t\t<section class=\"elementor-section elementor-top-section elementor-element elementor-element-60c5b008 elementor-section-boxed elementor-section-height-default elementor-section-height-default\" data-id=\"60c5b008\" data-element_type=\"section\" data-e-type=\"section\" data-settings=\"{&quot;jet_parallax_layout_list&quot;:[]}\">\n\t\t\t\t\t\t<div class=\"elementor-container elementor-column-gap-default\">\n\t\t\t\t\t<div class=\"elementor-column elementor-col-100 elementor-top-column elementor-element elementor-element-5c06e6f4\" data-id=\"5c06e6f4\" data-element_type=\"column\" data-e-type=\"column\">\n\t\t\t<div class=\"elementor-widget-wrap elementor-element-populated\">\n\t\t\t\t\t\t<div class=\"elementor-element elementor-element-414f886 elementor-widget elementor-widget-image\" data-id=\"414f886\" data-element_type=\"widget\" data-e-type=\"widget\" data-widget_type=\"image.default\">\n\t\t\t\t<div class=\"elementor-widget-container\">\n\t\t\t\t\t\t\t\t\t\t\t\t\t\t\t<img decoding=\"async\" src=\"https:\/\/iview.io\/wp-content\/uploads\/elementor\/thumbs\/Logo_informatec_NEGATIV_RGB_10cm_transparent-qnev0wajsz6owar1ydbghzcheacghqrs6ahoaniiyw.png\" title=\"informatec\" alt=\"informatec\" loading=\"lazy\" \/>\t\t\t\t\t\t\t\t\t\t\t\t\t\t\t<\/div>\n\t\t\t\t<\/div>\n\t\t\t\t<section class=\"elementor-section elementor-inner-section elementor-element elementor-element-e2865ba elementor-section-boxed elementor-section-height-default elementor-section-height-default\" data-id=\"e2865ba\" data-element_type=\"section\" data-e-type=\"section\" data-settings=\"{&quot;jet_parallax_layout_list&quot;:[]}\">\n\t\t\t\t\t\t<div class=\"elementor-container elementor-column-gap-default\">\n\t\t\t\t\t<div class=\"elementor-column elementor-col-50 elementor-inner-column elementor-element elementor-element-5fbc61f\" data-id=\"5fbc61f\" data-element_type=\"column\" data-e-type=\"column\">\n\t\t\t<div class=\"elementor-widget-wrap elementor-element-populated\">\n\t\t\t\t\t\t<div class=\"elementor-element elementor-element-3d599b3 elementor-widget elementor-widget-heading\" data-id=\"3d599b3\" data-element_type=\"widget\" data-e-type=\"widget\" data-widget_type=\"heading.default\">\n\t\t\t\t<div class=\"elementor-widget-container\">\n\t\t\t\t\t<h1 class=\"elementor-heading-title elementor-size-large\">Informatec<\/h1>\t\t\t\t<\/div>\n\t\t\t\t<\/div>\n\t\t\t\t<div class=\"elementor-element elementor-element-6fa38d6 elementor-widget elementor-widget-heading\" data-id=\"6fa38d6\" data-element_type=\"widget\" data-e-type=\"widget\" data-widget_type=\"heading.default\">\n\t\t\t\t<div class=\"elementor-widget-container\">\n\t\t\t\t\t<h2 class=\"elementor-heading-title elementor-size-medium\"><p><b>Ihr strategischer Partner f\u00fcr Data, Analytics &amp; AI<\/b><\/p><\/h2>\t\t\t\t<\/div>\n\t\t\t\t<\/div>\n\t\t\t\t\t<\/div>\n\t\t<\/div>\n\t\t\t\t<div class=\"elementor-column elementor-col-50 elementor-inner-column elementor-element elementor-element-554a4df\" data-id=\"554a4df\" data-element_type=\"column\" data-e-type=\"column\">\n\t\t\t<div class=\"elementor-widget-wrap elementor-element-populated\">\n\t\t\t\t\t\t<div class=\"elementor-element elementor-element-8efb24a elementor-widget elementor-widget-image\" data-id=\"8efb24a\" data-element_type=\"widget\" data-e-type=\"widget\" data-settings=\"{&quot;motion_fx_motion_fx_scrolling&quot;:&quot;yes&quot;,&quot;motion_fx_devices&quot;:[&quot;desktop&quot;,&quot;tablet&quot;,&quot;mobile&quot;]}\" data-widget_type=\"image.default\">\n\t\t\t\t<div class=\"elementor-widget-container\">\n\t\t\t\t\t\t\t\t\t\t\t\t\t\t\t<img decoding=\"async\" width=\"190\" height=\"190\" src=\"https:\/\/iview.io\/wp-content\/uploads\/2022\/06\/iocn-magnify.svg\" class=\"attachment-medium_large size-medium_large wp-image-11806\" alt=\"\" \/>\t\t\t\t\t\t\t\t\t\t\t\t\t\t\t<\/div>\n\t\t\t\t<\/div>\n\t\t\t\t\t<\/div>\n\t\t<\/div>\n\t\t\t\t\t<\/div>\n\t\t<\/section>\n\t\t\t\t<div class=\"elementor-element elementor-element-72c51ff elementor-widget elementor-widget-text-editor\" data-id=\"72c51ff\" data-element_type=\"widget\" data-e-type=\"widget\" data-widget_type=\"text-editor.default\">\n\t\t\t\t<div class=\"elementor-widget-container\">\n\t\t\t\t\t\t\t\t\t<p><span lang=\"EN-US\">Mit \u00fcber 25 Jahren Erfahrung im Bereich Business Intelligence hat sich Informatec zu einem f\u00fchrenden Beratungshaus f\u00fcr Data &amp; AI entwickelt. Wir sind spezialisiert auf die Konzeption und Umsetzung ganzheitlicher Data-Analytics-L\u00f6sungen auf Basis von Qlik und Microsoft \u2013 mit fundiertem technologischem Know-how und erprobten Best Practices aus unterschiedlichsten Branchen. <\/span><\/p><p><span lang=\"EN-US\">Als Elite Qlik Channel Partner, Qlik Authorized Training Partner und langj\u00e4hriges Mitglied im <b>Qlik Advisory Council<\/b> wurde Informatec mehrfach als Qlik Partner of the Year f\u00fcr die Schweiz und die DACH-Region ausgezeichnet. Diese Auszeichnungen unterstreichen unsere Kompetenz, Innovationskraft und unser Engagement f\u00fcr den nachhaltigen Erfolg unserer Kunden. <\/span><\/p><p><span lang=\"EN-US\">Wir begleiten Unternehmen entlang ihrer gesamten Data Journey \u2013 von Datenextraktion \u00fcber Datenaufbereitung und Datenmanagement bis hin zu fortgeschrittener Datenanalyse. Unsere Beratungsleistungen werden erg\u00e4nzt durch die selbstentwickelte <b>iVIEW-Produktfamilie<\/b>, die aus anspruchsvollen Projekten entstanden ist und die M\u00f6glichkeiten von Qlik- und Microsoft-Technologien gezielt erweitert.  <\/span><\/p><p><span style=\"font-size: 1rem;\">Mit \u00fcber 300 namhaften Kunden und einem eigenen offiziellen Qlik Trainingscenter geh\u00f6rt Informatec zu den f\u00fchrenden Data Analytics Spezialisten im deutschsprachigen Raum.  <\/span><b style=\"font-size: 1rem;\">Schweizer BI Cloud<\/b><span style=\"font-size: 1rem;\"> erm\u00f6glicht den sicheren und skalierbaren Betrieb moderner BI-L\u00f6sungen in der Cloud &#8211; gest\u00fctzt auf Schweizer Qualit\u00e4t und Pr\u00e4zision.<\/span><\/p>\t\t\t\t\t\t\t\t<\/div>\n\t\t\t\t<\/div>\n\t\t\t\t\t<\/div>\n\t\t<\/div>\n\t\t\t\t\t<\/div>\n\t\t<\/section>\n\t\t\t\t<section class=\"elementor-section elementor-top-section elementor-element elementor-element-92eeae1 elementor-section-boxed elementor-section-height-default elementor-section-height-default\" data-id=\"92eeae1\" data-element_type=\"section\" data-e-type=\"section\" data-settings=\"{&quot;jet_parallax_layout_list&quot;:[]}\">\n\t\t\t\t\t\t<div class=\"elementor-container elementor-column-gap-default\">\n\t\t\t\t\t<div class=\"elementor-column elementor-col-100 elementor-top-column elementor-element elementor-element-6787490\" data-id=\"6787490\" data-element_type=\"column\" data-e-type=\"column\">\n\t\t\t<div class=\"elementor-widget-wrap elementor-element-populated\">\n\t\t\t\t\t\t<div class=\"elementor-element elementor-element-1ac7e5a elementor-widget elementor-widget-image\" data-id=\"1ac7e5a\" data-element_type=\"widget\" data-e-type=\"widget\" data-widget_type=\"image.default\">\n\t\t\t\t<div class=\"elementor-widget-container\">\n\t\t\t\t\t\t\t\t\t\t\t\t\t\t\t<img decoding=\"async\" width=\"37\" height=\"34\" src=\"https:\/\/iview.io\/wp-content\/uploads\/2022\/06\/iview-icon.svg\" class=\"attachment-medium_large size-medium_large wp-image-11800\" alt=\"\" \/>\t\t\t\t\t\t\t\t\t\t\t\t\t\t\t<\/div>\n\t\t\t\t<\/div>\n\t\t\t\t\t<\/div>\n\t\t<\/div>\n\t\t\t\t\t<\/div>\n\t\t<\/section>\n\t\t\t\t<section class=\"elementor-section elementor-top-section elementor-element elementor-element-1c1d6f2 elementor-section-stretched elementor-section-boxed elementor-section-height-default elementor-section-height-default\" data-id=\"1c1d6f2\" data-element_type=\"section\" data-e-type=\"section\" data-settings=\"{&quot;stretch_section&quot;:&quot;section-stretched&quot;,&quot;jet_parallax_layout_list&quot;:[],&quot;background_background&quot;:&quot;classic&quot;}\">\n\t\t\t\t\t\t<div class=\"elementor-container elementor-column-gap-default\">\n\t\t\t\t\t<div class=\"elementor-column elementor-col-100 elementor-top-column elementor-element elementor-element-d7d78ab\" data-id=\"d7d78ab\" data-element_type=\"column\" data-e-type=\"column\">\n\t\t\t<div class=\"elementor-widget-wrap elementor-element-populated\">\n\t\t\t\t\t\t<div class=\"elementor-element elementor-element-e738987 elementor-widget elementor-widget-heading\" data-id=\"e738987\" data-element_type=\"widget\" data-e-type=\"widget\" data-widget_type=\"heading.default\">\n\t\t\t\t<div class=\"elementor-widget-container\">\n\t\t\t\t\t<h2 class=\"elementor-heading-title elementor-size-large\">Sind Sie an weiteren Informationen \u00fcber Informatec interessiert?<\/h2>\t\t\t\t<\/div>\n\t\t\t\t<\/div>\n\t\t\t\t<div class=\"elementor-element elementor-element-b559a5a elementor-align-center elementor-widget elementor-widget-button\" data-id=\"b559a5a\" data-element_type=\"widget\" data-e-type=\"widget\" data-widget_type=\"button.default\">\n\t\t\t\t<div class=\"elementor-widget-container\">\n\t\t\t\t\t\t\t\t\t<div class=\"elementor-button-wrapper\">\n\t\t\t\t\t<a class=\"elementor-button elementor-button-link elementor-size-sm\" href=\"https:\/\/www.informatec.com\/\" target=\"_blank\" rel=\"noopener\">\n\t\t\t\t\t\t<span class=\"elementor-button-content-wrapper\">\n\t\t\t\t\t\t\t\t\t<span class=\"elementor-button-text\">www.informatec.com<\/span>\n\t\t\t\t\t<\/span>\n\t\t\t\t\t<\/a>\n\t\t\t\t<\/div>\n\t\t\t\t\t\t\t\t<\/div>\n\t\t\t\t<\/div>\n\t\t\t\t\t<\/div>\n\t\t<\/div>\n\t\t\t\t\t<\/div>\n\t\t<\/section>\n\t\t\t\t<section class=\"elementor-section elementor-top-section elementor-element elementor-element-497ace6 elementor-section-boxed elementor-section-height-default elementor-section-height-default\" data-id=\"497ace6\" data-element_type=\"section\" data-e-type=\"section\" data-settings=\"{&quot;jet_parallax_layout_list&quot;:[]}\">\n\t\t\t\t\t\t<div class=\"elementor-container elementor-column-gap-default\">\n\t\t\t\t\t<div class=\"elementor-column elementor-col-100 elementor-top-column elementor-element elementor-element-2f06b18\" data-id=\"2f06b18\" data-element_type=\"column\" data-e-type=\"column\">\n\t\t\t<div class=\"elementor-widget-wrap elementor-element-populated\">\n\t\t\t\t\t\t<div class=\"elementor-element elementor-element-a8443f1 elementor-widget elementor-widget-heading\" data-id=\"a8443f1\" data-element_type=\"widget\" data-e-type=\"widget\" data-widget_type=\"heading.default\">\n\t\t\t\t<div class=\"elementor-widget-container\">\n\t\t\t\t\t<h2 class=\"elementor-heading-title elementor-size-default\">ANSPRECHPARTNER F\u00dcR ANFRAGEN ZUM THEMA iVIEW<\/h2>\t\t\t\t<\/div>\n\t\t\t\t<\/div>\n\t\t\t\t<div class=\"elementor-element elementor-element-01a2b8b elementor-widget elementor-widget-spacer\" data-id=\"01a2b8b\" data-element_type=\"widget\" data-e-type=\"widget\" data-widget_type=\"spacer.default\">\n\t\t\t\t<div class=\"elementor-widget-container\">\n\t\t\t\t\t\t\t<div class=\"elementor-spacer\">\n\t\t\t<div class=\"elementor-spacer-inner\"><\/div>\n\t\t<\/div>\n\t\t\t\t\t\t<\/div>\n\t\t\t\t<\/div>\n\t\t\t\t\t<\/div>\n\t\t<\/div>\n\t\t\t\t\t<\/div>\n\t\t<\/section>\n\t\t\t\t<section class=\"elementor-section elementor-top-section elementor-element elementor-element-00af03e elementor-section-boxed elementor-section-height-default elementor-section-height-default\" data-id=\"00af03e\" data-element_type=\"section\" data-e-type=\"section\" data-settings=\"{&quot;jet_parallax_layout_list&quot;:[]}\">\n\t\t\t\t\t\t<div class=\"elementor-container elementor-column-gap-default\">\n\t\t\t\t\t<div class=\"elementor-column elementor-col-33 elementor-top-column elementor-element elementor-element-958b322\" data-id=\"958b322\" data-element_type=\"column\" data-e-type=\"column\">\n\t\t\t<div class=\"elementor-widget-wrap elementor-element-populated\">\n\t\t\t\t\t\t<div class=\"elementor-element elementor-element-9a8af40 elementor-widget elementor-widget-heading\" data-id=\"9a8af40\" data-element_type=\"widget\" data-e-type=\"widget\" data-widget_type=\"heading.default\">\n\t\t\t\t<div class=\"elementor-widget-container\">\n\t\t\t\t\t<h3 class=\"elementor-heading-title elementor-size-large\">Head of Business Development (DE)<\/h3>\t\t\t\t<\/div>\n\t\t\t\t<\/div>\n\t\t\t\t<div class=\"elementor-element elementor-element-e0f6807 elementor-widget elementor-widget-image\" data-id=\"e0f6807\" data-element_type=\"widget\" data-e-type=\"widget\" data-widget_type=\"image.default\">\n\t\t\t\t<div class=\"elementor-widget-container\">\n\t\t\t\t\t\t\t\t\t\t\t\t\t\t\t<img fetchpriority=\"high\" decoding=\"async\" width=\"583\" height=\"600\" src=\"https:\/\/iview.io\/wp-content\/uploads\/2025\/06\/Christian-Fischer-600px.png\" class=\"attachment-medium_large size-medium_large wp-image-33195\" alt=\"\" srcset=\"https:\/\/iview.io\/wp-content\/uploads\/2025\/06\/Christian-Fischer-600px.png 583w, https:\/\/iview.io\/wp-content\/uploads\/2025\/06\/Christian-Fischer-600px-292x300.png 292w\" sizes=\"(max-width: 583px) 100vw, 583px\" \/>\t\t\t\t\t\t\t\t\t\t\t\t\t\t\t<\/div>\n\t\t\t\t<\/div>\n\t\t\t\t<div class=\"elementor-element elementor-element-09550c9 elementor-widget elementor-widget-heading\" data-id=\"09550c9\" data-element_type=\"widget\" data-e-type=\"widget\" data-widget_type=\"heading.default\">\n\t\t\t\t<div class=\"elementor-widget-container\">\n\t\t\t\t\t<h3 class=\"elementor-heading-title elementor-size-medium\">Christian Fischer<\/h3>\t\t\t\t<\/div>\n\t\t\t\t<\/div>\n\t\t\t\t<div class=\"elementor-element elementor-element-9d16a40 elementor-widget elementor-widget-text-editor\" data-id=\"9d16a40\" data-element_type=\"widget\" data-e-type=\"widget\" data-widget_type=\"text-editor.default\">\n\t\t\t\t<div class=\"elementor-widget-container\">\n\t\t\t\t\t\t\t\t\t<p><a href=\"tel:+41618268094\">+41 61 826 80 94<br><\/a><a href=\"mailto:fih@informatec.com\">fih@informatec.com<\/a><\/p>\t\t\t\t\t\t\t\t<\/div>\n\t\t\t\t<\/div>\n\t\t\t\t\t<\/div>\n\t\t<\/div>\n\t\t\t\t<div class=\"elementor-column elementor-col-33 elementor-top-column elementor-element elementor-element-f7879bf\" data-id=\"f7879bf\" data-element_type=\"column\" data-e-type=\"column\">\n\t\t\t<div class=\"elementor-widget-wrap elementor-element-populated\">\n\t\t\t\t\t\t<div class=\"elementor-element elementor-element-2cb8586 elementor-widget elementor-widget-heading\" data-id=\"2cb8586\" data-element_type=\"widget\" data-e-type=\"widget\" data-widget_type=\"heading.default\">\n\t\t\t\t<div class=\"elementor-widget-container\">\n\t\t\t\t\t<h3 class=\"elementor-heading-title elementor-size-large\">Head of Technology &amp; Solution<\/h3>\t\t\t\t<\/div>\n\t\t\t\t<\/div>\n\t\t\t\t<div class=\"elementor-element elementor-element-3583c06 elementor-widget elementor-widget-image\" data-id=\"3583c06\" data-element_type=\"widget\" data-e-type=\"widget\" data-widget_type=\"image.default\">\n\t\t\t\t<div class=\"elementor-widget-container\">\n\t\t\t\t\t\t\t\t\t\t\t\t\t\t\t<img decoding=\"async\" src=\"https:\/\/iview.io\/wp-content\/uploads\/2025\/06\/Flavio-Soares-600px.png\" title=\"Flavio-Soares-600px\" alt=\"Flavio-Soares-600px\" loading=\"lazy\" \/>\t\t\t\t\t\t\t\t\t\t\t\t\t\t\t<\/div>\n\t\t\t\t<\/div>\n\t\t\t\t<div class=\"elementor-element elementor-element-3c22530 elementor-widget elementor-widget-heading\" data-id=\"3c22530\" data-element_type=\"widget\" data-e-type=\"widget\" data-widget_type=\"heading.default\">\n\t\t\t\t<div class=\"elementor-widget-container\">\n\t\t\t\t\t<h3 class=\"elementor-heading-title elementor-size-medium\">Fl\u00e1vio Soares<br><\/h3>\t\t\t\t<\/div>\n\t\t\t\t<\/div>\n\t\t\t\t<div class=\"elementor-element elementor-element-92933d6 elementor-widget elementor-widget-text-editor\" data-id=\"92933d6\" data-element_type=\"widget\" data-e-type=\"widget\" data-widget_type=\"text-editor.default\">\n\t\t\t\t<div class=\"elementor-widget-container\">\n\t\t\t\t\t\t\t\t\t<p><a href=\"tel:+41618268080\">+41 61 826 80 80<br><\/a><a href=\"mailto:sof@informatec.com\">sof@informatec.com<\/a><\/p>\t\t\t\t\t\t\t\t<\/div>\n\t\t\t\t<\/div>\n\t\t\t\t\t<\/div>\n\t\t<\/div>\n\t\t\t\t<div class=\"elementor-column elementor-col-33 elementor-top-column elementor-element elementor-element-4057786\" data-id=\"4057786\" data-element_type=\"column\" data-e-type=\"column\">\n\t\t\t<div class=\"elementor-widget-wrap elementor-element-populated\">\n\t\t\t\t\t\t<div class=\"elementor-element elementor-element-ddeea72 elementor-widget elementor-widget-heading\" data-id=\"ddeea72\" data-element_type=\"widget\" data-e-type=\"widget\" data-widget_type=\"heading.default\">\n\t\t\t\t<div class=\"elementor-widget-container\">\n\t\t\t\t\t<h3 class=\"elementor-heading-title elementor-size-large\">VP Alliances &amp; Channels<\/h3>\t\t\t\t<\/div>\n\t\t\t\t<\/div>\n\t\t\t\t<div class=\"elementor-element elementor-element-d89dbd8 elementor-widget elementor-widget-image\" data-id=\"d89dbd8\" data-element_type=\"widget\" data-e-type=\"widget\" data-widget_type=\"image.default\">\n\t\t\t\t<div class=\"elementor-widget-container\">\n\t\t\t\t\t\t\t\t\t\t\t\t\t\t\t<img loading=\"lazy\" decoding=\"async\" width=\"583\" height=\"600\" src=\"https:\/\/iview.io\/wp-content\/uploads\/2025\/06\/Paolo-Sutter-600px.png\" class=\"attachment-medium_large size-medium_large wp-image-33197\" alt=\"\" srcset=\"https:\/\/iview.io\/wp-content\/uploads\/2025\/06\/Paolo-Sutter-600px.png 583w, https:\/\/iview.io\/wp-content\/uploads\/2025\/06\/Paolo-Sutter-600px-292x300.png 292w\" sizes=\"(max-width: 583px) 100vw, 583px\" \/>\t\t\t\t\t\t\t\t\t\t\t\t\t\t\t<\/div>\n\t\t\t\t<\/div>\n\t\t\t\t<div class=\"elementor-element elementor-element-b68dac1 elementor-widget elementor-widget-heading\" data-id=\"b68dac1\" data-element_type=\"widget\" data-e-type=\"widget\" data-widget_type=\"heading.default\">\n\t\t\t\t<div class=\"elementor-widget-container\">\n\t\t\t\t\t<h3 class=\"elementor-heading-title elementor-size-medium\">Paolo Sutter<\/h3>\t\t\t\t<\/div>\n\t\t\t\t<\/div>\n\t\t\t\t<div class=\"elementor-element elementor-element-b4fc4fa elementor-widget elementor-widget-text-editor\" data-id=\"b4fc4fa\" data-element_type=\"widget\" data-e-type=\"widget\" data-widget_type=\"text-editor.default\">\n\t\t\t\t<div class=\"elementor-widget-container\">\n\t\t\t\t\t\t\t\t\t<p><a href=\"tel:+41618268080\">+41 61 826 80 80<br><\/a><a href=\"mailto:sup@informatec.com\">sup@informatec.com<\/a><\/p><p> <\/p><p> <\/p>\t\t\t\t\t\t\t\t<\/div>\n\t\t\t\t<\/div>\n\t\t\t\t\t<\/div>\n\t\t<\/div>\n\t\t\t\t\t<\/div>\n\t\t<\/section>\n\t\t\t\t<\/div>\n\t\t","protected":false},"excerpt":{"rendered":"<p>Informatec Ihr strategischer Partner f\u00fcr Data, Analytics &amp; AI Mit \u00fcber 25 Jahren Erfahrung im Bereich Business Intelligence hat sich Informatec zu einem f\u00fchrenden Beratungshaus f\u00fcr Data &amp; AI entwickelt. Wir sind spezialisiert auf die Konzeption und Umsetzung ganzheitlicher Data-Analytics-L\u00f6sungen auf Basis von Qlik und Microsoft \u2013 mit fundiertem technologischem Know-how und erprobten Best Practices [&hellip;]<\/p>\n","protected":false},"author":1,"featured_media":0,"parent":0,"menu_order":0,"comment_status":"closed","ping_status":"closed","template":"","meta":{"_acf_changed":false,"footnotes":""},"class_list":["post-12874","page","type-page","status-publish","hentry"],"acf":[],"publishpress_future_action":{"enabled":false,"date":"2026-05-20 17:44:40","action":"change-status","newStatus":"draft","terms":[],"taxonomy":"translation_priority","extraData":[]},"publishpress_future_workflow_manual_trigger":{"enabledWorkflows":[]},"_links":{"self":[{"href":"https:\/\/iview.io\/de\/wp-json\/wp\/v2\/pages\/12874","targetHints":{"allow":["GET"]}}],"collection":[{"href":"https:\/\/iview.io\/de\/wp-json\/wp\/v2\/pages"}],"about":[{"href":"https:\/\/iview.io\/de\/wp-json\/wp\/v2\/types\/page"}],"author":[{"embeddable":true,"href":"https:\/\/iview.io\/de\/wp-json\/wp\/v2\/users\/1"}],"replies":[{"embeddable":true,"href":"https:\/\/iview.io\/de\/wp-json\/wp\/v2\/comments?post=12874"}],"version-history":[{"count":5,"href":"https:\/\/iview.io\/de\/wp-json\/wp\/v2\/pages\/12874\/revisions"}],"predecessor-version":[{"id":33212,"href":"https:\/\/iview.io\/de\/wp-json\/wp\/v2\/pages\/12874\/revisions\/33212"}],"wp:attachment":[{"href":"https:\/\/iview.io\/de\/wp-json\/wp\/v2\/media?parent=12874"}],"curies":[{"name":"wp","href":"https:\/\/api.w.org\/{rel}","templated":true}]}}